{"id":656,"date":"2021-09-09T16:42:23","date_gmt":"2021-09-09T16:42:23","guid":{"rendered":"https:\/\/alina.study\/?page_id=656"},"modified":"2024-09-23T17:55:35","modified_gmt":"2024-09-23T17:55:35","slug":"es","status":"publish","type":"page","link":"https:\/\/alina.study\/es\/","title":{"rendered":"P\u00e1gina de inicio"},"content":{"rendered":"","protected":true},"excerpt":{"rendered":"","protected":true},"author":1,"featured_media":0,"parent":0,"menu_order":0,"comment_status":"closed","ping_status":"closed","template":"","meta":{"_et_pb_use_builder":"on","_et_pb_old_content":"","_et_gb_content_width":"","footnotes":""},"class_list":["post-656","page","type-page","status-publish","post-password-required","hentry"],"yoast_head":"<!-- This site is optimized with the Yoast SEO plugin v27.2 - https:\/\/yoast.com\/product\/yoast-seo-wordpress\/ -->\n<title>P\u00e1gina de inicio - Alina<\/title>\n<meta name=\"description\" content=\"Este sitio web est\u00e1 dise\u00f1ado para proporcionarle recursos \u00fatiles a medida que transita por el estudio ALINA.\" \/>\n<meta name=\"robots\" content=\"index, follow, max-snippet:-1, max-image-preview:large, max-video-preview:-1\" \/>\n<link rel=\"canonical\" href=\"https:\/\/alina.study\/es\/\" \/>\n<meta property=\"og:locale\" content=\"es_ES\" \/>\n<meta property=\"og:type\" content=\"article\" \/>\n<meta property=\"og:title\" content=\"P\u00e1gina de inicio - Alina\" \/>\n<meta property=\"og:description\" content=\"Este sitio web est\u00e1 dise\u00f1ado para proporcionarle recursos \u00fatiles a medida que transita por el estudio ALINA.\" \/>\n<meta property=\"og:url\" content=\"https:\/\/alina.study\/es\/\" \/>\n<meta property=\"og:site_name\" content=\"Alina\" \/>\n<meta property=\"article:modified_time\" content=\"2024-09-23T17:55:35+00:00\" \/>\n<meta name=\"twitter:card\" content=\"summary_large_image\" \/>\n<meta name=\"twitter:label1\" content=\"Tiempo de lectura\" \/>\n\t<meta name=\"twitter:data1\" content=\"6 minutos\" \/>\n<script type=\"application\/ld+json\" class=\"yoast-schema-graph\">{\"@context\":\"https:\/\/schema.org\",\"@graph\":[{\"@type\":\"WebPage\",\"@id\":\"https:\/\/alina.study\/es\/\",\"url\":\"https:\/\/alina.study\/es\/\",\"name\":\"P\u00e1gina de inicio - Alina\",\"isPartOf\":{\"@id\":\"https:\/\/alina.study\/#website\"},\"datePublished\":\"2021-09-09T16:42:23+00:00\",\"dateModified\":\"2024-09-23T17:55:35+00:00\",\"breadcrumb\":{\"@id\":\"https:\/\/alina.study\/es\/#breadcrumb\"},\"inLanguage\":\"es\"},{\"@type\":\"WebSite\",\"@id\":\"https:\/\/alina.study\/#website\",\"url\":\"https:\/\/alina.study\/\",\"name\":\"Alina\",\"description\":\"Thank you for participating in the Alina study\",\"publisher\":{\"@id\":\"https:\/\/alina.study\/#organization\"},\"potentialAction\":[{\"@type\":\"SearchAction\",\"target\":{\"@type\":\"EntryPoint\",\"urlTemplate\":\"https:\/\/alina.study\/?s={search_term_string}\"},\"query-input\":{\"@type\":\"PropertyValueSpecification\",\"valueRequired\":true,\"valueName\":\"search_term_string\"}}],\"inLanguage\":\"es\"},{\"@type\":\"Organization\",\"@id\":\"https:\/\/alina.study\/#organization\",\"name\":\"Roche\",\"url\":\"https:\/\/alina.study\/\",\"logo\":{\"@type\":\"ImageObject\",\"inLanguage\":\"es\",\"@id\":\"https:\/\/alina.study\/#\/schema\/logo\/image\/\",\"url\":\"https:\/\/alina.study\/wp-content\/uploads\/2022\/11\/Alina_Wordmark_v02.png\",\"contentUrl\":\"https:\/\/alina.study\/wp-content\/uploads\/2022\/11\/Alina_Wordmark_v02.png\",\"width\":792,\"height\":438,\"caption\":\"Roche\"},\"image\":{\"@id\":\"https:\/\/alina.study\/#\/schema\/logo\/image\/\"}}]}<\/script>\n<!-- \/ Yoast SEO plugin. -->","yoast_head_json":{"title":"P\u00e1gina de inicio - Alina","description":"Este sitio web est\u00e1 dise\u00f1ado para proporcionarle recursos \u00fatiles a medida que transita por el estudio ALINA.","robots":{"index":"index","follow":"follow","max-snippet":"max-snippet:-1","max-image-preview":"max-image-preview:large","max-video-preview":"max-video-preview:-1"},"canonical":"https:\/\/alina.study\/es\/","og_locale":"es_ES","og_type":"article","og_title":"P\u00e1gina de inicio - Alina","og_description":"Este sitio web est\u00e1 dise\u00f1ado para proporcionarle recursos \u00fatiles a medida que transita por el estudio ALINA.","og_url":"https:\/\/alina.study\/es\/","og_site_name":"Alina","article_modified_time":"2024-09-23T17:55:35+00:00","twitter_card":"summary_large_image","twitter_misc":{"Tiempo de lectura":"6 minutos"},"schema":{"@context":"https:\/\/schema.org","@graph":[{"@type":"WebPage","@id":"https:\/\/alina.study\/es\/","url":"https:\/\/alina.study\/es\/","name":"P\u00e1gina de inicio - Alina","isPartOf":{"@id":"https:\/\/alina.study\/#website"},"datePublished":"2021-09-09T16:42:23+00:00","dateModified":"2024-09-23T17:55:35+00:00","breadcrumb":{"@id":"https:\/\/alina.study\/es\/#breadcrumb"},"inLanguage":"es"},{"@type":"WebSite","@id":"https:\/\/alina.study\/#website","url":"https:\/\/alina.study\/","name":"Alina","description":"Thank you for participating in the Alina study","publisher":{"@id":"https:\/\/alina.study\/#organization"},"potentialAction":[{"@type":"SearchAction","target":{"@type":"EntryPoint","urlTemplate":"https:\/\/alina.study\/?s={search_term_string}"},"query-input":{"@type":"PropertyValueSpecification","valueRequired":true,"valueName":"search_term_string"}}],"inLanguage":"es"},{"@type":"Organization","@id":"https:\/\/alina.study\/#organization","name":"Roche","url":"https:\/\/alina.study\/","logo":{"@type":"ImageObject","inLanguage":"es","@id":"https:\/\/alina.study\/#\/schema\/logo\/image\/","url":"https:\/\/alina.study\/wp-content\/uploads\/2022\/11\/Alina_Wordmark_v02.png","contentUrl":"https:\/\/alina.study\/wp-content\/uploads\/2022\/11\/Alina_Wordmark_v02.png","width":792,"height":438,"caption":"Roche"},"image":{"@id":"https:\/\/alina.study\/#\/schema\/logo\/image\/"}}]}},"featured_image_src":null,"featured_image_src_square":null,"_links":{"self":[{"href":"https:\/\/alina.study\/es\/wp-json\/wp\/v2\/pages\/656","targetHints":{"allow":["GET"]}}],"collection":[{"href":"https:\/\/alina.study\/es\/wp-json\/wp\/v2\/pages"}],"about":[{"href":"https:\/\/alina.study\/es\/wp-json\/wp\/v2\/types\/page"}],"author":[{"embeddable":true,"href":"https:\/\/alina.study\/es\/wp-json\/wp\/v2\/users\/1"}],"replies":[{"embeddable":true,"href":"https:\/\/alina.study\/es\/wp-json\/wp\/v2\/comments?post=656"}],"version-history":[{"count":0,"href":"https:\/\/alina.study\/es\/wp-json\/wp\/v2\/pages\/656\/revisions"}],"wp:attachment":[{"href":"https:\/\/alina.study\/es\/wp-json\/wp\/v2\/media?parent=656"}],"curies":[{"name":"wp","href":"https:\/\/api.w.org\/{rel}","templated":true}]}}